{"id":1328,"date":"2025-01-21T18:13:29","date_gmt":"2025-01-21T18:13:29","guid":{"rendered":"https:\/\/gbaplus.ca\/notre-nom\/"},"modified":"2025-09-24T15:32:10","modified_gmt":"2025-09-24T15:32:10","slug":"notre-nom","status":"publish","type":"page","link":"https:\/\/gbaplus.ca\/fr\/notre-nom\/","title":{"rendered":"notre nom"},"content":{"rendered":"\n<p class=\"has-large-font-size\">Que signifie un nom ? <\/p>\n\n<p>Pour nous, au centre canadien pour l&rsquo;ACS+, l&rsquo;inclusion du mot \u00ab Canada \u00bb dans notre titre est une d\u00e9cision fond\u00e9e sur une profonde r\u00e9flexion. Le nom \u00ab Canada \u00bb porte une histoire complexe et contest\u00e9e. Il est \u00e9troitement li\u00e9 aux histoires de colonialisme, d&rsquo;in\u00e9galit\u00e9s syst\u00e9miques et de luttes continues pour la justice, particuli\u00e8rement pour les peuples autochtones. Ces histoires nous rappellent l&rsquo;importance de lutter contre les in\u00e9galit\u00e9s profond\u00e9ment enracin\u00e9es qui fa\u00e7onnent ce territoire et ses institutions.<\/p>\n\n<p>Nous avons choisi d&rsquo;inclure \u00ab Canada \u00bb comme identifiant non pas pour ignorer ces histoires, mais pour situer notre travail dans cette g\u00e9ographie et cette politique sp\u00e9cifiques. L&rsquo;analyse comparative entre les sexes plus est un cadre utilis\u00e9 mondialement, mais son application doit \u00eatre profond\u00e9ment contextuelle. Ainsi, nous utilisons \u00ab Canada \u00bb pour souligner que notre travail, nos recherches et nos analyses sont fa\u00e7onn\u00e9s par les limites de cette g\u00e9ographie et de ce contexte politique particuliers. Cette sp\u00e9cificit\u00e9 est essentielle lors de l&rsquo;application d&rsquo;une analyse intersectionnelle pour aborder les dynamiques sociales, politiques et culturelles uniques de ce territoire.<\/p>\n\n<p>Nous reconnaissons \u00e9galement la complexit\u00e9 de ce choix et le consid\u00e9rons comme un appel \u00e0 l&rsquo;action. L&rsquo;utilisation du mot \u00ab Canada \u00bb dans notre nom sert \u00e0 la fois \u00e0 reconna\u00eetre les histoires complexes li\u00e9es \u00e0 ce territoire et \u00e0 s&rsquo;engager \u00e0 dialoguer avec ces r\u00e9cits contest\u00e9s et \u00e0 y r\u00e9fl\u00e9chir.<\/p>\n\n<p><\/p>\n","protected":false},"excerpt":{"rendered":"<p>Que signifie un nom ? Pour nous, au centre canadien pour l&rsquo;ACS+, l&rsquo;inclusion du mot \u00ab Canada \u00bb dans notre [&hellip;]<\/p>\n","protected":false},"author":1,"featured_media":0,"parent":0,"menu_order":0,"comment_status":"closed","ping_status":"closed","template":"","meta":{"_uag_custom_page_level_css":"","site-sidebar-layout":"default","site-content-layout":"","ast-site-content-layout":"","site-content-style":"default","site-sidebar-style":"default","ast-global-header-display":"","ast-banner-title-visibility":"","ast-main-header-display":"","ast-hfb-above-header-display":"","ast-hfb-below-header-display":"","ast-hfb-mobile-header-display":"","site-post-title":"disabled","ast-breadcrumbs-content":"","ast-featured-img":"","footer-sml-layout":"","theme-transparent-header-meta":"","adv-header-id-meta":"","stick-header-meta":"","header-above-stick-meta":"","header-main-stick-meta":"","header-below-stick-meta":"","astra-migrate-meta-layouts":"default","ast-page-background-enabled":"default","ast-page-background-meta":{"desktop":{"background-color":"var(--ast-global-color-4)","background-image":"","background-repeat":"repeat","background-position":"center center","background-size":"auto","background-attachment":"scroll","background-type":"","background-media":"","overlay-type":"","overlay-color":"","overlay-opacity":"","overlay-gradient":""},"tablet":{"background-color":"","background-image":"","background-repeat":"repeat","background-position":"center center","background-size":"auto","background-attachment":"scroll","background-type":"","background-media":"","overlay-type":"","overlay-color":"","overlay-opacity":"","overlay-gradient":""},"mobile":{"background-color":"","background-image":"","background-repeat":"repeat","background-position":"center center","background-size":"auto","background-attachment":"scroll","background-type":"","background-media":"","overlay-type":"","overlay-color":"","overlay-opacity":"","overlay-gradient":""}},"ast-content-background-meta":{"desktop":{"background-color":"var(--ast-global-color-5)","background-image":"","background-repeat":"repeat","background-position":"center center","background-size":"auto","background-attachment":"scroll","background-type":"","background-media":"","overlay-type":"","overlay-color":"","overlay-opacity":"","overlay-gradient":""},"tablet":{"background-color":"var(--ast-global-color-5)","background-image":"","background-repeat":"repeat","background-position":"center center","background-size":"auto","background-attachment":"scroll","background-type":"","background-media":"","overlay-type":"","overlay-color":"","overlay-opacity":"","overlay-gradient":""},"mobile":{"background-color":"var(--ast-global-color-5)","background-image":"","background-repeat":"repeat","background-position":"center center","background-size":"auto","background-attachment":"scroll","background-type":"","background-media":"","overlay-type":"","overlay-color":"","overlay-opacity":"","overlay-gradient":""}},"footnotes":""},"class_list":["post-1328","page","type-page","status-publish","hentry"],"yoast_head":"<!-- This site is optimized with the Yoast SEO Premium plugin v27.0 (Yoast SEO v27.0) - https:\/\/yoast.com\/product\/yoast-seo-premium-wordpress\/ -->\n<title>notre nom - The Canadian Centre for GBA+<\/title>\n<meta name=\"robots\" content=\"index, follow, max-snippet:-1, max-image-preview:large, max-video-preview:-1\" \/>\n<link rel=\"canonical\" href=\"https:\/\/gbaplus.ca\/fr\/notre-nom\/\" \/>\n<meta property=\"og:locale\" content=\"fr_FR\" \/>\n<meta property=\"og:type\" content=\"article\" \/>\n<meta property=\"og:title\" content=\"notre nom\" \/>\n<meta property=\"og:description\" content=\"Que signifie un nom ? Pour nous, au centre canadien pour l&rsquo;ACS+, l&rsquo;inclusion du mot \u00ab Canada \u00bb dans notre [&hellip;]\" \/>\n<meta property=\"og:url\" content=\"https:\/\/gbaplus.ca\/fr\/notre-nom\/\" \/>\n<meta property=\"og:site_name\" content=\"The Canadian Centre for GBA+\" \/>\n<meta property=\"article:modified_time\" content=\"2025-09-24T15:32:10+00:00\" \/>\n<meta name=\"twitter:card\" content=\"summary_large_image\" \/>\n<meta name=\"twitter:label1\" content=\"Dur\u00e9e de lecture estim\u00e9e\" \/>\n\t<meta name=\"twitter:data1\" content=\"1 minute\" \/>\n<script type=\"application\/ld+json\" class=\"yoast-schema-graph\">{\"@context\":\"https:\/\/schema.org\",\"@graph\":[{\"@type\":\"WebPage\",\"@id\":\"https:\/\/gbaplus.ca\/fr\/notre-nom\/\",\"url\":\"https:\/\/gbaplus.ca\/fr\/notre-nom\/\",\"name\":\"notre nom - The Canadian Centre for GBA+\",\"isPartOf\":{\"@id\":\"https:\/\/gbaplus.ca\/fr\/#website\"},\"datePublished\":\"2025-01-21T18:13:29+00:00\",\"dateModified\":\"2025-09-24T15:32:10+00:00\",\"breadcrumb\":{\"@id\":\"https:\/\/gbaplus.ca\/fr\/notre-nom\/#breadcrumb\"},\"inLanguage\":\"fr-FR\",\"potentialAction\":[{\"@type\":\"ReadAction\",\"target\":[\"https:\/\/gbaplus.ca\/fr\/notre-nom\/\"]}]},{\"@type\":\"BreadcrumbList\",\"@id\":\"https:\/\/gbaplus.ca\/fr\/notre-nom\/#breadcrumb\",\"itemListElement\":[{\"@type\":\"ListItem\",\"position\":1,\"name\":\"Home\",\"item\":\"https:\/\/gbaplus.ca\/fr\/\"},{\"@type\":\"ListItem\",\"position\":2,\"name\":\"notre nom\"}]},{\"@type\":\"WebSite\",\"@id\":\"https:\/\/gbaplus.ca\/fr\/#website\",\"url\":\"https:\/\/gbaplus.ca\/fr\/\",\"name\":\"The Canadian Centre for GBA+\",\"description\":\"\",\"potentialAction\":[{\"@type\":\"SearchAction\",\"target\":{\"@type\":\"EntryPoint\",\"urlTemplate\":\"https:\/\/gbaplus.ca\/fr\/?s={search_term_string}\"},\"query-input\":{\"@type\":\"PropertyValueSpecification\",\"valueRequired\":true,\"valueName\":\"search_term_string\"}}],\"inLanguage\":\"fr-FR\"}]}<\/script>\n<!-- \/ Yoast SEO Premium plugin. -->","yoast_head_json":{"title":"notre nom - The Canadian Centre for GBA+","robots":{"index":"index","follow":"follow","max-snippet":"max-snippet:-1","max-image-preview":"max-image-preview:large","max-video-preview":"max-video-preview:-1"},"canonical":"https:\/\/gbaplus.ca\/fr\/notre-nom\/","og_locale":"fr_FR","og_type":"article","og_title":"notre nom","og_description":"Que signifie un nom ? Pour nous, au centre canadien pour l&rsquo;ACS+, l&rsquo;inclusion du mot \u00ab Canada \u00bb dans notre [&hellip;]","og_url":"https:\/\/gbaplus.ca\/fr\/notre-nom\/","og_site_name":"The Canadian Centre for GBA+","article_modified_time":"2025-09-24T15:32:10+00:00","twitter_card":"summary_large_image","twitter_misc":{"Dur\u00e9e de lecture estim\u00e9e":"1 minute"},"schema":{"@context":"https:\/\/schema.org","@graph":[{"@type":"WebPage","@id":"https:\/\/gbaplus.ca\/fr\/notre-nom\/","url":"https:\/\/gbaplus.ca\/fr\/notre-nom\/","name":"notre nom - The Canadian Centre for GBA+","isPartOf":{"@id":"https:\/\/gbaplus.ca\/fr\/#website"},"datePublished":"2025-01-21T18:13:29+00:00","dateModified":"2025-09-24T15:32:10+00:00","breadcrumb":{"@id":"https:\/\/gbaplus.ca\/fr\/notre-nom\/#breadcrumb"},"inLanguage":"fr-FR","potentialAction":[{"@type":"ReadAction","target":["https:\/\/gbaplus.ca\/fr\/notre-nom\/"]}]},{"@type":"BreadcrumbList","@id":"https:\/\/gbaplus.ca\/fr\/notre-nom\/#breadcrumb","itemListElement":[{"@type":"ListItem","position":1,"name":"Home","item":"https:\/\/gbaplus.ca\/fr\/"},{"@type":"ListItem","position":2,"name":"notre nom"}]},{"@type":"WebSite","@id":"https:\/\/gbaplus.ca\/fr\/#website","url":"https:\/\/gbaplus.ca\/fr\/","name":"The Canadian Centre for GBA+","description":"","potentialAction":[{"@type":"SearchAction","target":{"@type":"EntryPoint","urlTemplate":"https:\/\/gbaplus.ca\/fr\/?s={search_term_string}"},"query-input":{"@type":"PropertyValueSpecification","valueRequired":true,"valueName":"search_term_string"}}],"inLanguage":"fr-FR"}]}},"spectra_custom_meta":{"_alp_processed":["1758727930"],"ast-main-header-display":[""],"ast-hfb-above-header-display":[""],"ast-hfb-below-header-display":[""],"ast-hfb-mobile-header-display":[""],"adv-header-id-meta":[""],"footer-sml-layout":[""],"stick-header-meta":[""],"header-main-stick-meta":[""],"header-above-stick-meta":[""],"header-below-stick-meta":[""],"site-post-title":["disabled"],"site-sidebar-layout":["default"],"site-content-layout":[""],"ast-featured-img":[""],"ast-breadcrumbs-content":[""],"theme-transparent-header-meta":[""],"ast-banner-title-visibility":[""],"ast-global-header-display":[""],"ast-site-content-layout":[""],"site-content-style":["default"],"site-sidebar-style":["default"],"_top_nav_excluded":[""],"_cms_nav_minihome":[""],"_last_translation_edit_mode":["translation-editor"],"_wpml_word_count":["269"],"_uag_page_assets":["a:9:{s:3:\"css\";s:7345:\".uag-blocks-common-selector{z-index:var(--z-index-desktop) !important}@media (max-width: 976px){.uag-blocks-common-selector{z-index:var(--z-index-tablet) !important}}@media (max-width: 767px){.uag-blocks-common-selector{z-index:var(--z-index-mobile) !important}}\n.wp-block-uagb-image{display:flex}.wp-block-uagb-image__figure{position:relative;display:flex;flex-direction:column;max-width:100%;height:auto;margin:0}.wp-block-uagb-image__figure img{height:auto;display:flex;max-width:100%;transition:box-shadow 0.2s ease}.wp-block-uagb-image__figure>a{display:inline-block}.wp-block-uagb-image__figure figcaption{text-align:center;margin-top:0.5em;margin-bottom:1em}.wp-block-uagb-image .components-placeholder.block-editor-media-placeholder .components-placeholder__instructions{align-self:center}.wp-block-uagb-image--align-left{text-align:left}.wp-block-uagb-image--align-right{text-align:right}.wp-block-uagb-image--align-center{text-align:center}.wp-block-uagb-image--align-full .wp-block-uagb-image__figure{margin-left:calc(50% - 50vw);margin-right:calc(50% - 50vw);max-width:100vw;width:100vw;height:auto}.wp-block-uagb-image--align-full .wp-block-uagb-image__figure img{height:auto;width:100% !important}.wp-block-uagb-image--align-wide .wp-block-uagb-image__figure img{height:auto;width:100%}.wp-block-uagb-image--layout-overlay__color-wrapper{position:absolute;left:0;top:0;right:0;bottom:0;opacity:0.2;background:rgba(0,0,0,0.5);transition:opacity 0.35s ease-in-out}.wp-block-uagb-image--layout-overlay-link{position:absolute;left:0;right:0;bottom:0;top:0}.wp-block-uagb-image--layout-overlay .wp-block-uagb-image__figure:hover .wp-block-uagb-image--layout-overlay__color-wrapper{opacity:1}.wp-block-uagb-image--layout-overlay__inner{position:absolute;left:15px;right:15px;bottom:15px;top:15px;display:flex;align-items:center;justify-content:center;flex-direction:column;border-color:#fff;transition:0.35s ease-in-out}.wp-block-uagb-image--layout-overlay__inner.top-left,.wp-block-uagb-image--layout-overlay__inner.top-center,.wp-block-uagb-image--layout-overlay__inner.top-right{justify-content:flex-start}.wp-block-uagb-image--layout-overlay__inner.bottom-left,.wp-block-uagb-image--layout-overlay__inner.bottom-center,.wp-block-uagb-image--layout-overlay__inner.bottom-right{justify-content:flex-end}.wp-block-uagb-image--layout-overlay__inner.top-left,.wp-block-uagb-image--layout-overlay__inner.center-left,.wp-block-uagb-image--layout-overlay__inner.bottom-left{align-items:flex-start}.wp-block-uagb-image--layout-overlay__inner.top-right,.wp-block-uagb-image--layout-overlay__inner.center-right,.wp-block-uagb-image--layout-overlay__inner.bottom-right{align-items:flex-end}.wp-block-uagb-image--layout-overlay__inner .uagb-image-heading{color:#fff;transition:transform 0.35s, opacity 0.35s ease-in-out;transform:translate3d(0, 24px, 0);margin:0;line-height:1em}.wp-block-uagb-image--layout-overlay__inner .uagb-image-separator{width:30%;border-top-width:2px;border-top-color:#fff;border-top-style:solid;margin-bottom:10px;opacity:0;transition:transform 0.4s, opacity 0.4s ease-in-out;transform:translate3d(0, 30px, 0)}.wp-block-uagb-image--layout-overlay__inner .uagb-image-caption{opacity:0;overflow:visible;color:#fff;transition:transform 0.45s, opacity 0.45s ease-in-out;transform:translate3d(0, 35px, 0)}.wp-block-uagb-image--layout-overlay__inner:hover .uagb-image-heading,.wp-block-uagb-image--layout-overlay__inner:hover .uagb-image-separator,.wp-block-uagb-image--layout-overlay__inner:hover .uagb-image-caption{opacity:1;transform:translate3d(0, 0, 0)}.wp-block-uagb-image--effect-zoomin .wp-block-uagb-image__figure img,.wp-block-uagb-image--effect-zoomin .wp-block-uagb-image__figure .wp-block-uagb-image--layout-overlay__color-wrapper{transform:scale(1);transition:transform 0.35s ease-in-out}.wp-block-uagb-image--effect-zoomin .wp-block-uagb-image__figure:hover img,.wp-block-uagb-image--effect-zoomin .wp-block-uagb-image__figure:hover .wp-block-uagb-image--layout-overlay__color-wrapper{transform:scale(1.05)}.wp-block-uagb-image--effect-slide .wp-block-uagb-image__figure img,.wp-block-uagb-image--effect-slide .wp-block-uagb-image__figure .wp-block-uagb-image--layout-overlay__color-wrapper{width:calc(100% + 40px) !important;max-width:none !important;transform:translate3d(-40px, 0, 0);transition:transform 0.35s ease-in-out}.wp-block-uagb-image--effect-slide .wp-block-uagb-image__figure:hover img,.wp-block-uagb-image--effect-slide .wp-block-uagb-image__figure:hover .wp-block-uagb-image--layout-overlay__color-wrapper{transform:translate3d(0, 0, 0)}.wp-block-uagb-image--effect-grayscale img{filter:grayscale(0%);transition:0.35s ease-in-out}.wp-block-uagb-image--effect-grayscale:hover img{filter:grayscale(100%)}.wp-block-uagb-image--effect-blur img{filter:blur(0);transition:0.35s ease-in-out}.wp-block-uagb-image--effect-blur:hover img{filter:blur(3px)}\n.uagb-block-63122c32.wp-block-uagb-image{text-align: right;justify-content: flex-end;align-self: flex-end;}.uagb-block-63122c32 .wp-block-uagb-image__figure{align-items: flex-end;}.uagb-block-63122c32.wp-block-uagb-image--layout-default figure img{box-shadow: 0px 0px 0 #00000070;}.uagb-block-63122c32.wp-block-uagb-image .wp-block-uagb-image__figure figcaption{font-style: normal;align-self: center;}.uagb-block-63122c32.wp-block-uagb-image--layout-overlay figure img{box-shadow: 0px 0px 0 #00000070;}.uagb-block-63122c32.wp-block-uagb-image--layout-overlay .wp-block-uagb-image--layout-overlay__color-wrapper{opacity: 0.2;}.uagb-block-63122c32.wp-block-uagb-image--layout-overlay .wp-block-uagb-image--layout-overlay__inner{left: 15px;right: 15px;top: 15px;bottom: 15px;}.uagb-block-63122c32.wp-block-uagb-image--layout-overlay .wp-block-uagb-image--layout-overlay__inner .uagb-image-heading{font-style: normal;color: #fff;opacity: 1;}.uagb-block-63122c32.wp-block-uagb-image--layout-overlay .wp-block-uagb-image--layout-overlay__inner .uagb-image-heading a{color: #fff;}.uagb-block-63122c32.wp-block-uagb-image--layout-overlay .wp-block-uagb-image--layout-overlay__inner .uagb-image-caption{opacity: 0;}.uagb-block-63122c32.wp-block-uagb-image--layout-overlay .wp-block-uagb-image__figure:hover .wp-block-uagb-image--layout-overlay__color-wrapper{opacity: 1;}.uagb-block-63122c32.wp-block-uagb-image .wp-block-uagb-image--layout-overlay__inner .uagb-image-separator{width: 30%;border-top-width: 2px;border-top-color: #fff;opacity: 0;}.uagb-block-63122c32.wp-block-uagb-image .wp-block-uagb-image__figure img{width: 253px;height: auto;}.uagb-block-63122c32.wp-block-uagb-image .wp-block-uagb-image__figure:hover .wp-block-uagb-image--layout-overlay__inner .uagb-image-caption{opacity: 1;}.uagb-block-63122c32.wp-block-uagb-image .wp-block-uagb-image__figure:hover .wp-block-uagb-image--layout-overlay__inner .uagb-image-separator{opacity: 1;}.uagb-block-63122c32.wp-block-uagb-image--layout-default figure:hover img{box-shadow: 0px 0px 0 #00000070;}.uagb-block-63122c32.wp-block-uagb-image--layout-overlay figure:hover img{box-shadow: 0px 0px 0 #00000070;}@media only screen and (max-width: 976px) {.uagb-block-63122c32.wp-block-uagb-image .wp-block-uagb-image__figure img{width: 253px;height: auto;}}@media only screen and (max-width: 767px) {.uagb-block-63122c32.wp-block-uagb-image .wp-block-uagb-image__figure img{width: 253px;height: auto;}}\";s:2:\"js\";s:0:\"\";s:18:\"current_block_list\";a:11:{i:0;s:14:\"core\/paragraph\";i:1;s:11:\"core\/search\";i:2;s:10:\"core\/group\";i:3;s:12:\"core\/heading\";i:4;s:17:\"core\/latest-posts\";i:5;s:20:\"core\/latest-comments\";i:6;s:13:\"core\/archives\";i:7;s:15:\"core\/categories\";i:8;s:10:\"uagb\/image\";i:9;s:21:\"mailerlite\/form-block\";i:10;s:9:\"core\/code\";}s:8:\"uag_flag\";b:1;s:11:\"uag_version\";s:10:\"1775065638\";s:6:\"gfonts\";a:0:{}s:10:\"gfonts_url\";s:0:\"\";s:12:\"gfonts_files\";a:0:{}s:14:\"uag_faq_layout\";b:0;}"],"_wp_page_template":[""],"_uag_css_file_name":["uag-css-1328.css"]},"uagb_featured_image_src":{"full":false,"thumbnail":false,"medium":false,"medium_large":false,"large":false,"1536x1536":false,"2048x2048":false},"uagb_author_info":{"display_name":"admin","author_link":"https:\/\/gbaplus.ca\/fr\/author\/admin\/"},"uagb_comment_info":0,"uagb_excerpt":"Que signifie un nom ? Pour nous, au centre canadien pour l&rsquo;ACS+, l&rsquo;inclusion du mot \u00ab Canada \u00bb dans notre [&hellip;]","_links":{"self":[{"href":"https:\/\/gbaplus.ca\/fr\/wp-json\/wp\/v2\/pages\/1328","targetHints":{"allow":["GET"]}}],"collection":[{"href":"https:\/\/gbaplus.ca\/fr\/wp-json\/wp\/v2\/pages"}],"about":[{"href":"https:\/\/gbaplus.ca\/fr\/wp-json\/wp\/v2\/types\/page"}],"author":[{"embeddable":true,"href":"https:\/\/gbaplus.ca\/fr\/wp-json\/wp\/v2\/users\/1"}],"replies":[{"embeddable":true,"href":"https:\/\/gbaplus.ca\/fr\/wp-json\/wp\/v2\/comments?post=1328"}],"version-history":[{"count":4,"href":"https:\/\/gbaplus.ca\/fr\/wp-json\/wp\/v2\/pages\/1328\/revisions"}],"predecessor-version":[{"id":2178,"href":"https:\/\/gbaplus.ca\/fr\/wp-json\/wp\/v2\/pages\/1328\/revisions\/2178"}],"wp:attachment":[{"href":"https:\/\/gbaplus.ca\/fr\/wp-json\/wp\/v2\/media?parent=1328"}],"curies":[{"name":"wp","href":"https:\/\/api.w.org\/{rel}","templated":true}]}}