{"id":1348,"date":"2024-12-21T23:38:46","date_gmt":"2024-12-21T23:38:46","guid":{"rendered":"https:\/\/gbaplus.ca\/politique-de-confidentialite\/"},"modified":"2025-09-22T14:19:00","modified_gmt":"2025-09-22T14:19:00","slug":"politique-de-confidentialite","status":"publish","type":"page","link":"https:\/\/gbaplus.ca\/fr\/politique-de-confidentialite\/","title":{"rendered":"Politique de confidentialit\u00e9"},"content":{"rendered":"\n<p><strong>D\u00e9tails des droits d&rsquo;auteur<\/strong><\/p>\n\n<p>Les documents sur ce site web ont \u00e9t\u00e9 produits et\/ou compil\u00e9s par le Centre canadien pour l&rsquo;analyse comparative entre les sexes plus (CCACS+) afin de fournir aux individus et aux organisations des ressources, des outils et des informations pertinents qui favorisent les pratiques inclusives en mati\u00e8re de genre et les approches intersectionnelles pour le d\u00e9veloppement social et \u00e9conomique.<\/p>\n\n<p>Tout le contenu de ce site est prot\u00e9g\u00e9 par la Loi sur les droits d&rsquo;auteur, ainsi que par les lois et politiques canadiennes applicables et les accords internationaux. Ces dispositions assurent la citation propre des sources d&rsquo;information et, dans certains cas, interdisent la reproduction des documents sans autorisation \u00e9crite pr\u00e9alable. <\/p>\n\n<p>Le CCACS+ encourage l&rsquo;utilisation de liens vers notre site web, \u00e0 condition que :<br\/>\u2013 Les utilisateurs s&rsquo;assurent de l&rsquo;exactitude lors de la reproduction des documents.<br\/>\u2013 Le CCACS+ soit identifi\u00e9 comme source.<br\/>\u2013 Les reproductions ne soient pas pr\u00e9sent\u00e9es comme des versions officielles, ni comme approuv\u00e9es par le CCACS+, sauf si une autorisation explicite a \u00e9t\u00e9 accord\u00e9e.<\/p>\n\n<p><strong>Documents de tiers<\/strong><strong><br\/><\/strong>Certains contenus ou \u00e9l\u00e9ments graphiques peuvent \u00eatre soumis aux droits d&rsquo;auteur de tiers. Dans ce cas, l&rsquo;autorisation de l&rsquo;auteur ou du titulaire des droits d&rsquo;auteur peut \u00eatre requise avant toute reproduction. <\/p>\n\n<p>Pour toute question concernant la propri\u00e9t\u00e9 des droits d&rsquo;auteur ou les autorisations, veuillez contacter :<br\/>Courriel : team@gbaplus.ca<\/p>\n\n<p><strong>Collecte de renseignements personnels<\/strong><\/p>\n\n<p>Le CCACS+ s&rsquo;engage \u00e0 prot\u00e9ger la vie priv\u00e9e des personnes qui interagissent avec nous en suivant des pratiques responsables de gestion des donn\u00e9es. Tout renseignement personnel recueilli (comme votre nom, adresse courriel ou coordonn\u00e9es) est trait\u00e9 conform\u00e9ment \u00e0 <em>la Loi sur l&rsquo;acc\u00e8s \u00e0 l&rsquo;information et la protection de la vie priv\u00e9e<\/em>, \u00e0 <em>la Loi sur la protection des renseignements personnels f\u00e9d\u00e9rale<\/em> et \u00e0 <em>la Loi canadienne anti-pourriel<\/em> (projet de loi C-28). <\/p>\n\n<p>Les renseignements personnels ne seront recueillis que lorsqu&rsquo;un consentement expr\u00e8s ou implicite est fourni. Ces informations ne seront pas divulgu\u00e9es \u00e0 des tiers, sauf au personnel qui a besoin de ces informations pour r\u00e9pondre \u00e0 votre demande, ou si la loi l&rsquo;exige. <\/p>\n\n<p>Si vous nous contactez pour obtenir de l&rsquo;aide, que ce soit en ligne ou par t\u00e9l\u00e9phone, des informations suppl\u00e9mentaires relatives \u00e0 votre demande pourront vous \u00eatre demand\u00e9es. Toutefois, vous n&rsquo;\u00eates pas oblig\u00e9 de fournir ces informations. <\/p>\n\n<p>Le CCACS+ ne vend pas, ne loue pas et ne c\u00e8de pas les donn\u00e9es personnelles \u00e0 des tiers. Si vous avez donn\u00e9 votre consentement expr\u00e8s, le CCACS+ peut vous contacter occasionnellement au nom de partenaires externes avec des offres pertinentes, mais vos renseignements personnels (comme le courriel, le nom ou le num\u00e9ro de t\u00e9l\u00e9phone) ne seront pas transmis \u00e0 ces tiers. <\/p>\n\n<p><strong>Utilisation des t\u00e9moins<\/strong><\/p>\n\n<p>Les t\u00e9moins sont utilis\u00e9s sur le site web du CCACS+ pour reconna\u00eetre votre appareil lors de vos visites. Ces t\u00e9moins ne contiennent pas de renseignements personnels et sont utilis\u00e9s pour recueillir les donn\u00e9es suivantes :<br\/>\u2013 Adresse IP (le CCACS+ ne lie pas cette adresse \u00e0 votre identit\u00e9).<br\/>\u2013 Dur\u00e9e de la visite et nombre de requ\u00eates de pages.<br\/>\u2013 Type de syst\u00e8me d&rsquo;exploitation (Windows, macOS, etc.).<br\/>\u2013 Type de navigateur (Chrome, Firefox, etc.). <\/p>\n\n<p>Ces donn\u00e9es nous aident \u00e0 am\u00e9liorer l&rsquo;exp\u00e9rience utilisateur et \u00e0 ajuster le site en fonction des tendances. Vous pouvez choisir d&rsquo;accepter ou de refuser les t\u00e9moins dans les param\u00e8tres de votre navigateur. Le refus des t\u00e9moins peut affecter la fonctionnalit\u00e9 du site web et votre capacit\u00e9 \u00e0 utiliser certaines fonctionnalit\u00e9s.  <\/p>\n\n<p><strong>S\u00e9curit\u00e9 des renseignements personnels<\/strong><\/p>\n\n<p>Nous employons diverses mesures de s\u00e9curit\u00e9 pour prot\u00e9ger vos donn\u00e9es personnelles, notamment le chiffrement, les mots de passe, les pare-feu et l&rsquo;acc\u00e8s restreint pour les employ\u00e9s. Lors de l&rsquo;\u00e9limination des renseignements personnels, nous nous assurons qu&rsquo;ils sont d\u00e9truits de mani\u00e8re s\u00e9curis\u00e9e. <\/p>\n\n<p>Bien que nous nous efforcions d&rsquo;utiliser les meilleures pratiques pour prot\u00e9ger vos donn\u00e9es, il est important de noter qu&rsquo;aucune m\u00e9thode de transmission ou de stockage sur Internet n&rsquo;est totalement s\u00e9curis\u00e9e. Par cons\u00e9quent, le CCACS+ ne peut pas garantir la s\u00e9curit\u00e9 absolue des renseignements personnels. <\/p>\n\n<p><strong>Politique de liens<\/strong><\/p>\n\n<p>Le site web du CCACS+ peut inclure des liens vers des sites web tiers. Ces sites li\u00e9s ne sont pas sous notre contr\u00f4le, et nous ne sommes pas responsables de leur contenu ou de leurs mises \u00e0 jour. Le CCACS+ fournit ces liens par commodit\u00e9 et n&rsquo;endosse pas n\u00e9cessairement ou ne s&rsquo;associe pas aux op\u00e9rateurs de ces sites.  <\/p>\n\n<p><strong>Demandes de liens<\/strong><strong><br\/><\/strong>Si vous souhaitez demander un lien sur le site web du CCACS+, veuillez nous contacter \u00e0 team@gbaplus.ca. Pr\u00e9cisez comment le lien s&rsquo;aligne sur notre mission et l&rsquo;objectif qu&rsquo;il servirait pour notre site web. Veuillez noter que m\u00eame si un lien r\u00e9pond aux crit\u00e8res, le CCACS+ se r\u00e9serve le droit de refuser votre demande \u00e0 sa discr\u00e9tion.  <\/p>\n\n<p><strong>Modifications de la politique de confidentialit\u00e9<\/strong><\/p>\n\n<p>Le CCACS+ peut mettre \u00e0 jour cette politique de confidentialit\u00e9 de temps \u00e0 autre. Toute modification sera publi\u00e9e sur cette page, et nous vous encourageons \u00e0 consulter r\u00e9guli\u00e8rement la politique pour rester inform\u00e9 de la fa\u00e7on dont nous prot\u00e9geons vos donn\u00e9es personnelles. <\/p>\n\n<p>Pour toute question ou pr\u00e9occupation concernant cette politique, veuillez contacter :<br\/>Courriel : team@gbaplus.ca<\/p>\n","protected":false},"excerpt":{"rendered":"<p>D\u00e9tails des droits d&rsquo;auteur Les documents sur ce site web ont \u00e9t\u00e9 produits et\/ou compil\u00e9s par le Centre canadien pour [&hellip;]<\/p>\n","protected":false},"author":1,"featured_media":0,"parent":0,"menu_order":0,"comment_status":"closed","ping_status":"open","template":"","meta":{"_uag_custom_page_level_css":"","site-sidebar-layout":"default","site-content-layout":"","ast-site-content-layout":"default","site-content-style":"default","site-sidebar-style":"default","ast-global-header-display":"","ast-banner-title-visibility":"","ast-main-header-display":"","ast-hfb-above-header-display":"","ast-hfb-below-header-display":"","ast-hfb-mobile-header-display":"","site-post-title":"disabled","ast-breadcrumbs-content":"","ast-featured-img":"","footer-sml-layout":"","theme-transparent-header-meta":"","adv-header-id-meta":"","stick-header-meta":"","header-above-stick-meta":"","header-main-stick-meta":"","header-below-stick-meta":"","astra-migrate-meta-layouts":"default","ast-page-background-enabled":"default","ast-page-background-meta":{"desktop":{"background-color":"var(--ast-global-color-4)","background-image":"","background-repeat":"repeat","background-position":"center center","background-size":"auto","background-attachment":"scroll","background-type":"","background-media":"","overlay-type":"","overlay-color":"","overlay-opacity":"","overlay-gradient":""},"tablet":{"background-color":"","background-image":"","background-repeat":"repeat","background-position":"center center","background-size":"auto","background-attachment":"scroll","background-type":"","background-media":"","overlay-type":"","overlay-color":"","overlay-opacity":"","overlay-gradient":""},"mobile":{"background-color":"","background-image":"","background-repeat":"repeat","background-position":"center center","background-size":"auto","background-attachment":"scroll","background-type":"","background-media":"","overlay-type":"","overlay-color":"","overlay-opacity":"","overlay-gradient":""}},"ast-content-background-meta":{"desktop":{"background-color":"var(--ast-global-color-5)","background-image":"","background-repeat":"repeat","background-position":"center center","background-size":"auto","background-attachment":"scroll","background-type":"","background-media":"","overlay-type":"","overlay-color":"","overlay-opacity":"","overlay-gradient":""},"tablet":{"background-color":"var(--ast-global-color-5)","background-image":"","background-repeat":"repeat","background-position":"center center","background-size":"auto","background-attachment":"scroll","background-type":"","background-media":"","overlay-type":"","overlay-color":"","overlay-opacity":"","overlay-gradient":""},"mobile":{"background-color":"var(--ast-global-color-5)","background-image":"","background-repeat":"repeat","background-position":"center center","background-size":"auto","background-attachment":"scroll","background-type":"","background-media":"","overlay-type":"","overlay-color":"","overlay-opacity":"","overlay-gradient":""}},"footnotes":""},"class_list":["post-1348","page","type-page","status-publish","hentry"],"yoast_head":"<!-- This site is optimized with the Yoast SEO Premium plugin v27.0 (Yoast SEO v27.0) - https:\/\/yoast.com\/product\/yoast-seo-premium-wordpress\/ -->\n<title>Politique de confidentialit\u00e9 - The Canadian Centre for GBA+<\/title>\n<meta name=\"robots\" content=\"index, follow, max-snippet:-1, max-image-preview:large, max-video-preview:-1\" \/>\n<link rel=\"canonical\" href=\"https:\/\/gbaplus.ca\/fr\/politique-de-confidentialite\/\" \/>\n<meta property=\"og:locale\" content=\"fr_FR\" \/>\n<meta property=\"og:type\" content=\"article\" \/>\n<meta property=\"og:title\" content=\"Politique de confidentialit\u00e9\" \/>\n<meta property=\"og:description\" content=\"D\u00e9tails des droits d&rsquo;auteur Les documents sur ce site web ont \u00e9t\u00e9 produits et\/ou compil\u00e9s par le Centre canadien pour [&hellip;]\" \/>\n<meta property=\"og:url\" content=\"https:\/\/gbaplus.ca\/fr\/politique-de-confidentialite\/\" \/>\n<meta property=\"og:site_name\" content=\"The Canadian Centre for GBA+\" \/>\n<meta property=\"article:modified_time\" content=\"2025-09-22T14:19:00+00:00\" \/>\n<meta name=\"twitter:card\" content=\"summary_large_image\" \/>\n<meta name=\"twitter:label1\" content=\"Dur\u00e9e de lecture estim\u00e9e\" \/>\n\t<meta name=\"twitter:data1\" content=\"4 minutes\" \/>\n<script type=\"application\/ld+json\" class=\"yoast-schema-graph\">{\"@context\":\"https:\/\/schema.org\",\"@graph\":[{\"@type\":\"WebPage\",\"@id\":\"https:\/\/gbaplus.ca\/fr\/politique-de-confidentialite\/\",\"url\":\"https:\/\/gbaplus.ca\/fr\/politique-de-confidentialite\/\",\"name\":\"Politique de confidentialit\u00e9 - The Canadian Centre for GBA+\",\"isPartOf\":{\"@id\":\"https:\/\/gbaplus.ca\/fr\/#website\"},\"datePublished\":\"2024-12-21T23:38:46+00:00\",\"dateModified\":\"2025-09-22T14:19:00+00:00\",\"breadcrumb\":{\"@id\":\"https:\/\/gbaplus.ca\/fr\/politique-de-confidentialite\/#breadcrumb\"},\"inLanguage\":\"fr-FR\",\"potentialAction\":[{\"@type\":\"ReadAction\",\"target\":[\"https:\/\/gbaplus.ca\/fr\/politique-de-confidentialite\/\"]}]},{\"@type\":\"BreadcrumbList\",\"@id\":\"https:\/\/gbaplus.ca\/fr\/politique-de-confidentialite\/#breadcrumb\",\"itemListElement\":[{\"@type\":\"ListItem\",\"position\":1,\"name\":\"Home\",\"item\":\"https:\/\/gbaplus.ca\/fr\/\"},{\"@type\":\"ListItem\",\"position\":2,\"name\":\"Politique de confidentialit\u00e9\"}]},{\"@type\":\"WebSite\",\"@id\":\"https:\/\/gbaplus.ca\/fr\/#website\",\"url\":\"https:\/\/gbaplus.ca\/fr\/\",\"name\":\"The Canadian Centre for GBA+\",\"description\":\"\",\"potentialAction\":[{\"@type\":\"SearchAction\",\"target\":{\"@type\":\"EntryPoint\",\"urlTemplate\":\"https:\/\/gbaplus.ca\/fr\/?s={search_term_string}\"},\"query-input\":{\"@type\":\"PropertyValueSpecification\",\"valueRequired\":true,\"valueName\":\"search_term_string\"}}],\"inLanguage\":\"fr-FR\"}]}<\/script>\n<!-- \/ Yoast SEO Premium plugin. -->","yoast_head_json":{"title":"Politique de confidentialit\u00e9 - The Canadian Centre for GBA+","robots":{"index":"index","follow":"follow","max-snippet":"max-snippet:-1","max-image-preview":"max-image-preview:large","max-video-preview":"max-video-preview:-1"},"canonical":"https:\/\/gbaplus.ca\/fr\/politique-de-confidentialite\/","og_locale":"fr_FR","og_type":"article","og_title":"Politique de confidentialit\u00e9","og_description":"D\u00e9tails des droits d&rsquo;auteur Les documents sur ce site web ont \u00e9t\u00e9 produits et\/ou compil\u00e9s par le Centre canadien pour [&hellip;]","og_url":"https:\/\/gbaplus.ca\/fr\/politique-de-confidentialite\/","og_site_name":"The Canadian Centre for GBA+","article_modified_time":"2025-09-22T14:19:00+00:00","twitter_card":"summary_large_image","twitter_misc":{"Dur\u00e9e de lecture estim\u00e9e":"4 minutes"},"schema":{"@context":"https:\/\/schema.org","@graph":[{"@type":"WebPage","@id":"https:\/\/gbaplus.ca\/fr\/politique-de-confidentialite\/","url":"https:\/\/gbaplus.ca\/fr\/politique-de-confidentialite\/","name":"Politique de confidentialit\u00e9 - The Canadian Centre for GBA+","isPartOf":{"@id":"https:\/\/gbaplus.ca\/fr\/#website"},"datePublished":"2024-12-21T23:38:46+00:00","dateModified":"2025-09-22T14:19:00+00:00","breadcrumb":{"@id":"https:\/\/gbaplus.ca\/fr\/politique-de-confidentialite\/#breadcrumb"},"inLanguage":"fr-FR","potentialAction":[{"@type":"ReadAction","target":["https:\/\/gbaplus.ca\/fr\/politique-de-confidentialite\/"]}]},{"@type":"BreadcrumbList","@id":"https:\/\/gbaplus.ca\/fr\/politique-de-confidentialite\/#breadcrumb","itemListElement":[{"@type":"ListItem","position":1,"name":"Home","item":"https:\/\/gbaplus.ca\/fr\/"},{"@type":"ListItem","position":2,"name":"Politique de confidentialit\u00e9"}]},{"@type":"WebSite","@id":"https:\/\/gbaplus.ca\/fr\/#website","url":"https:\/\/gbaplus.ca\/fr\/","name":"The Canadian Centre for GBA+","description":"","potentialAction":[{"@type":"SearchAction","target":{"@type":"EntryPoint","urlTemplate":"https:\/\/gbaplus.ca\/fr\/?s={search_term_string}"},"query-input":{"@type":"PropertyValueSpecification","valueRequired":true,"valueName":"search_term_string"}}],"inLanguage":"fr-FR"}]}},"spectra_custom_meta":{"_alp_processed":["1758550740"],"_top_nav_excluded":[""],"_cms_nav_minihome":[""],"_wp_page_template":["default"],"_last_translation_edit_mode":["translation-editor"],"_wpml_word_count":["945"],"_uag_page_assets":["a:9:{s:3:\"css\";s:7345:\".uag-blocks-common-selector{z-index:var(--z-index-desktop) !important}@media (max-width: 976px){.uag-blocks-common-selector{z-index:var(--z-index-tablet) !important}}@media (max-width: 767px){.uag-blocks-common-selector{z-index:var(--z-index-mobile) !important}}\n.wp-block-uagb-image{display:flex}.wp-block-uagb-image__figure{position:relative;display:flex;flex-direction:column;max-width:100%;height:auto;margin:0}.wp-block-uagb-image__figure img{height:auto;display:flex;max-width:100%;transition:box-shadow 0.2s ease}.wp-block-uagb-image__figure>a{display:inline-block}.wp-block-uagb-image__figure figcaption{text-align:center;margin-top:0.5em;margin-bottom:1em}.wp-block-uagb-image .components-placeholder.block-editor-media-placeholder .components-placeholder__instructions{align-self:center}.wp-block-uagb-image--align-left{text-align:left}.wp-block-uagb-image--align-right{text-align:right}.wp-block-uagb-image--align-center{text-align:center}.wp-block-uagb-image--align-full .wp-block-uagb-image__figure{margin-left:calc(50% - 50vw);margin-right:calc(50% - 50vw);max-width:100vw;width:100vw;height:auto}.wp-block-uagb-image--align-full .wp-block-uagb-image__figure img{height:auto;width:100% !important}.wp-block-uagb-image--align-wide .wp-block-uagb-image__figure img{height:auto;width:100%}.wp-block-uagb-image--layout-overlay__color-wrapper{position:absolute;left:0;top:0;right:0;bottom:0;opacity:0.2;background:rgba(0,0,0,0.5);transition:opacity 0.35s ease-in-out}.wp-block-uagb-image--layout-overlay-link{position:absolute;left:0;right:0;bottom:0;top:0}.wp-block-uagb-image--layout-overlay .wp-block-uagb-image__figure:hover .wp-block-uagb-image--layout-overlay__color-wrapper{opacity:1}.wp-block-uagb-image--layout-overlay__inner{position:absolute;left:15px;right:15px;bottom:15px;top:15px;display:flex;align-items:center;justify-content:center;flex-direction:column;border-color:#fff;transition:0.35s ease-in-out}.wp-block-uagb-image--layout-overlay__inner.top-left,.wp-block-uagb-image--layout-overlay__inner.top-center,.wp-block-uagb-image--layout-overlay__inner.top-right{justify-content:flex-start}.wp-block-uagb-image--layout-overlay__inner.bottom-left,.wp-block-uagb-image--layout-overlay__inner.bottom-center,.wp-block-uagb-image--layout-overlay__inner.bottom-right{justify-content:flex-end}.wp-block-uagb-image--layout-overlay__inner.top-left,.wp-block-uagb-image--layout-overlay__inner.center-left,.wp-block-uagb-image--layout-overlay__inner.bottom-left{align-items:flex-start}.wp-block-uagb-image--layout-overlay__inner.top-right,.wp-block-uagb-image--layout-overlay__inner.center-right,.wp-block-uagb-image--layout-overlay__inner.bottom-right{align-items:flex-end}.wp-block-uagb-image--layout-overlay__inner .uagb-image-heading{color:#fff;transition:transform 0.35s, opacity 0.35s ease-in-out;transform:translate3d(0, 24px, 0);margin:0;line-height:1em}.wp-block-uagb-image--layout-overlay__inner .uagb-image-separator{width:30%;border-top-width:2px;border-top-color:#fff;border-top-style:solid;margin-bottom:10px;opacity:0;transition:transform 0.4s, opacity 0.4s ease-in-out;transform:translate3d(0, 30px, 0)}.wp-block-uagb-image--layout-overlay__inner .uagb-image-caption{opacity:0;overflow:visible;color:#fff;transition:transform 0.45s, opacity 0.45s ease-in-out;transform:translate3d(0, 35px, 0)}.wp-block-uagb-image--layout-overlay__inner:hover .uagb-image-heading,.wp-block-uagb-image--layout-overlay__inner:hover .uagb-image-separator,.wp-block-uagb-image--layout-overlay__inner:hover .uagb-image-caption{opacity:1;transform:translate3d(0, 0, 0)}.wp-block-uagb-image--effect-zoomin .wp-block-uagb-image__figure img,.wp-block-uagb-image--effect-zoomin .wp-block-uagb-image__figure .wp-block-uagb-image--layout-overlay__color-wrapper{transform:scale(1);transition:transform 0.35s ease-in-out}.wp-block-uagb-image--effect-zoomin .wp-block-uagb-image__figure:hover img,.wp-block-uagb-image--effect-zoomin .wp-block-uagb-image__figure:hover .wp-block-uagb-image--layout-overlay__color-wrapper{transform:scale(1.05)}.wp-block-uagb-image--effect-slide .wp-block-uagb-image__figure img,.wp-block-uagb-image--effect-slide .wp-block-uagb-image__figure .wp-block-uagb-image--layout-overlay__color-wrapper{width:calc(100% + 40px) !important;max-width:none !important;transform:translate3d(-40px, 0, 0);transition:transform 0.35s ease-in-out}.wp-block-uagb-image--effect-slide .wp-block-uagb-image__figure:hover img,.wp-block-uagb-image--effect-slide .wp-block-uagb-image__figure:hover .wp-block-uagb-image--layout-overlay__color-wrapper{transform:translate3d(0, 0, 0)}.wp-block-uagb-image--effect-grayscale img{filter:grayscale(0%);transition:0.35s ease-in-out}.wp-block-uagb-image--effect-grayscale:hover img{filter:grayscale(100%)}.wp-block-uagb-image--effect-blur img{filter:blur(0);transition:0.35s ease-in-out}.wp-block-uagb-image--effect-blur:hover img{filter:blur(3px)}\n.uagb-block-63122c32.wp-block-uagb-image{text-align: right;justify-content: flex-end;align-self: flex-end;}.uagb-block-63122c32 .wp-block-uagb-image__figure{align-items: flex-end;}.uagb-block-63122c32.wp-block-uagb-image--layout-default figure img{box-shadow: 0px 0px 0 #00000070;}.uagb-block-63122c32.wp-block-uagb-image .wp-block-uagb-image__figure figcaption{font-style: normal;align-self: center;}.uagb-block-63122c32.wp-block-uagb-image--layout-overlay figure img{box-shadow: 0px 0px 0 #00000070;}.uagb-block-63122c32.wp-block-uagb-image--layout-overlay .wp-block-uagb-image--layout-overlay__color-wrapper{opacity: 0.2;}.uagb-block-63122c32.wp-block-uagb-image--layout-overlay .wp-block-uagb-image--layout-overlay__inner{left: 15px;right: 15px;top: 15px;bottom: 15px;}.uagb-block-63122c32.wp-block-uagb-image--layout-overlay .wp-block-uagb-image--layout-overlay__inner .uagb-image-heading{font-style: normal;color: #fff;opacity: 1;}.uagb-block-63122c32.wp-block-uagb-image--layout-overlay .wp-block-uagb-image--layout-overlay__inner .uagb-image-heading a{color: #fff;}.uagb-block-63122c32.wp-block-uagb-image--layout-overlay .wp-block-uagb-image--layout-overlay__inner .uagb-image-caption{opacity: 0;}.uagb-block-63122c32.wp-block-uagb-image--layout-overlay .wp-block-uagb-image__figure:hover .wp-block-uagb-image--layout-overlay__color-wrapper{opacity: 1;}.uagb-block-63122c32.wp-block-uagb-image .wp-block-uagb-image--layout-overlay__inner .uagb-image-separator{width: 30%;border-top-width: 2px;border-top-color: #fff;opacity: 0;}.uagb-block-63122c32.wp-block-uagb-image .wp-block-uagb-image__figure img{width: 253px;height: auto;}.uagb-block-63122c32.wp-block-uagb-image .wp-block-uagb-image__figure:hover .wp-block-uagb-image--layout-overlay__inner .uagb-image-caption{opacity: 1;}.uagb-block-63122c32.wp-block-uagb-image .wp-block-uagb-image__figure:hover .wp-block-uagb-image--layout-overlay__inner .uagb-image-separator{opacity: 1;}.uagb-block-63122c32.wp-block-uagb-image--layout-default figure:hover img{box-shadow: 0px 0px 0 #00000070;}.uagb-block-63122c32.wp-block-uagb-image--layout-overlay figure:hover img{box-shadow: 0px 0px 0 #00000070;}@media only screen and (max-width: 976px) {.uagb-block-63122c32.wp-block-uagb-image .wp-block-uagb-image__figure img{width: 253px;height: auto;}}@media only screen and (max-width: 767px) {.uagb-block-63122c32.wp-block-uagb-image .wp-block-uagb-image__figure img{width: 253px;height: auto;}}\";s:2:\"js\";s:0:\"\";s:18:\"current_block_list\";a:11:{i:0;s:14:\"core\/paragraph\";i:1;s:11:\"core\/search\";i:2;s:10:\"core\/group\";i:3;s:12:\"core\/heading\";i:4;s:17:\"core\/latest-posts\";i:5;s:20:\"core\/latest-comments\";i:6;s:13:\"core\/archives\";i:7;s:15:\"core\/categories\";i:8;s:10:\"uagb\/image\";i:9;s:21:\"mailerlite\/form-block\";i:10;s:9:\"core\/code\";}s:8:\"uag_flag\";b:1;s:11:\"uag_version\";s:10:\"1775065638\";s:6:\"gfonts\";a:0:{}s:10:\"gfonts_url\";s:0:\"\";s:12:\"gfonts_files\";a:0:{}s:14:\"uag_faq_layout\";b:0;}"],"ast-main-header-display":[""],"ast-hfb-above-header-display":[""],"ast-hfb-below-header-display":[""],"ast-hfb-mobile-header-display":[""],"adv-header-id-meta":[""],"footer-sml-layout":[""],"stick-header-meta":[""],"header-main-stick-meta":[""],"header-above-stick-meta":[""],"header-below-stick-meta":[""],"site-post-title":["disabled"],"site-sidebar-layout":["default"],"site-content-layout":[""],"ast-featured-img":[""],"ast-breadcrumbs-content":[""],"theme-transparent-header-meta":[""],"ast-banner-title-visibility":[""],"ast-global-header-display":[""],"ast-site-content-layout":["default"],"site-content-style":["default"],"site-sidebar-style":["default"],"_uag_css_file_name":["uag-css-1348.css"]},"uagb_featured_image_src":{"full":false,"thumbnail":false,"medium":false,"medium_large":false,"large":false,"1536x1536":false,"2048x2048":false},"uagb_author_info":{"display_name":"admin","author_link":"https:\/\/gbaplus.ca\/fr\/author\/admin\/"},"uagb_comment_info":0,"uagb_excerpt":"D\u00e9tails des droits d&rsquo;auteur Les documents sur ce site web ont \u00e9t\u00e9 produits et\/ou compil\u00e9s par le Centre canadien pour [&hellip;]","_links":{"self":[{"href":"https:\/\/gbaplus.ca\/fr\/wp-json\/wp\/v2\/pages\/1348","targetHints":{"allow":["GET"]}}],"collection":[{"href":"https:\/\/gbaplus.ca\/fr\/wp-json\/wp\/v2\/pages"}],"about":[{"href":"https:\/\/gbaplus.ca\/fr\/wp-json\/wp\/v2\/types\/page"}],"author":[{"embeddable":true,"href":"https:\/\/gbaplus.ca\/fr\/wp-json\/wp\/v2\/users\/1"}],"replies":[{"embeddable":true,"href":"https:\/\/gbaplus.ca\/fr\/wp-json\/wp\/v2\/comments?post=1348"}],"version-history":[{"count":6,"href":"https:\/\/gbaplus.ca\/fr\/wp-json\/wp\/v2\/pages\/1348\/revisions"}],"predecessor-version":[{"id":2097,"href":"https:\/\/gbaplus.ca\/fr\/wp-json\/wp\/v2\/pages\/1348\/revisions\/2097"}],"wp:attachment":[{"href":"https:\/\/gbaplus.ca\/fr\/wp-json\/wp\/v2\/media?parent=1348"}],"curies":[{"name":"wp","href":"https:\/\/api.w.org\/{rel}","templated":true}]}}